{"id":43,"date":"2018-02-07T14:38:16","date_gmt":"2018-02-07T14:38:16","guid":{"rendered":"https:\/\/araucaria.camk.edu.pl\/?page_id=43"},"modified":"2020-11-18T16:45:25","modified_gmt":"2020-11-18T16:45:25","slug":"press-releases","status":"publish","type":"page","link":"https:\/\/araucaria.camk.edu.pl\/index.php\/press-releases\/","title":{"rendered":"Press releases"},"content":{"rendered":"\n<p>Our research, projects and discoveries attract a lot of attention in Polish and international media. See how much!<\/p>\n\n\n\n\n\n<blockquote class=\"wp-block-quote is-style-large is-layout-flow wp-block-quote-is-layout-flow\"><p><strong>ERC Synergy<\/strong><\/p><\/blockquote>\n\n\n\n<p><strong>Poland:<\/strong><\/p>\n\n\n\n<ul class=\"wp-block-list\"><li>kpk.gov.pl: <a rel=\"noreferrer noopener\" href=\"https:\/\/www.kpk.gov.pl\/pierwszy-erc-synergy-grant-w-polsce\" target=\"_blank\">Pierwszy ERC Synergy Grant w Polsce<\/a><\/li><li>naukawpolsce.pap.pl: <a rel=\"noreferrer noopener\" href=\"https:\/\/naukawpolsce.pap.pl\/aktualnosci\/news%2C84655%2Cniemal-14-mln-euro-od-erc-dla-polskich-astronomow-min-na-budowe-teleskopu-w\" target=\"_blank\">Niemal 14 mln euro od ERC dla polskich astronom\u00f3w, m.in. na budow\u0119 teleskopu w Chile<\/a><\/li><li>gov.pl: <a rel=\"noreferrer noopener\" href=\"https:\/\/www.gov.pl\/web\/nauka\/zbudujemy-teleskop-by-precyzyjniej-mierzyc-wszechswiat---prestizowy-grant-naukowy-dla-astronomow-z-pan\" target=\"_blank\">Zbudujemy teleskop, by precyzyjniej mierzy\u0107 wszech\u015bwiat &#8211; presti\u017cowy grant naukowy dla astronom\u00f3w z PAN<\/a><\/li><li>camk.edu.pl: <a rel=\"noreferrer noopener\" href=\"https:\/\/camk.edu.pl\/pl\/archiwum\/2020\/11\/05\/erc-synergy-grant-prof-pietrzynski-camk-pan\/\" target=\"_blank\">Prof. Grzegorz Pietrzy\u0144ski z CAMK PAN otrzyma\u0142 grant ERC Synergy<\/a><\/li><li>thefirstnews.com: <a rel=\"noreferrer noopener\" href=\"https:\/\/www.thefirstnews.com\/article\/european-research-council-grants-polish-astronomers-almost-eur-14-mln-17361\" target=\"_blank\">European Research Council grants Polish astronomers almost EUR 14 mln<\/a><\/li><\/ul>\n\n\n\n<p><strong>Chile:<\/strong><\/p>\n\n\n\n<ul class=\"wp-block-list\"><li>vrid.udec.cl: <a rel=\"noreferrer noopener\" href=\"https:\/\/vrid.udec.cl\/node\/1438\" target=\"_blank\">FONDOS DE LA UNI\u00d3N EUROPEA SON ASIGNADOS A PROYECTO PARA DETERMINAR CON PRECISI\u00d3N SIN PRECEDENTES LA ESCALA DE DISTANCIAS C\u00d3SMICAS<\/a><\/li><li>astro.udec.cl: <a rel=\"noreferrer noopener\" href=\"http:\/\/www.astro.udec.cl\/e\/news\/news\/n67-es.html\" target=\"_blank\">Fondos de la Uni\u00f3n Europea son asignados a proyecto para determinar con precisi\u00f3n sin precedentes la escala de distancias c\u00f3smicas<\/a><\/li><li>cata.cl: <a rel=\"noreferrer noopener\" href=\"http:\/\/www.cata.cl\/noticia.php?id=733\" target=\"_blank\">Astr\u00f3nomos de la U. de Concepci\u00f3n ganan millonario fondo para desarrollo cient\u00edfico<\/a><\/li><li>astrofisicamas.cl: <a rel=\"noreferrer noopener\" href=\"https:\/\/www.astrofisicamas.cl\/investigador-del-mas-se-adjudica-importante-financiamiento-otorgado-por-la-union-europea\/\" target=\"_blank\">Investigador del MAS se adjudica importante financiamiento otorgado por la Uni\u00f3n Europea<\/a><\/li><li>radioudec.cl: <a rel=\"noreferrer noopener\" href=\"https:\/\/www.radioudec.cl\/2020\/11\/05\/investigador-de-astronomia-udec-se-adjudica-importante-financiamiento-otorgado-por-la-union-europea\/\" target=\"_blank\">Investigador de Astronom\u00eda UdeC se adjudica importante financiamiento otorgado por la Uni\u00f3n Europea<\/a><\/li><li>biobiochile.cl: <a rel=\"noreferrer noopener\" href=\"https:\/\/www.biobiochile.cl\/noticias\/ciencia-y-tecnologia\/astronomia\/2020\/11\/05\/astronomos-de-la-u-de-concepcion-ganan-millonario-fondo-para-desarrollo-cientifico.shtml\" target=\"_blank\">Astr\u00f3nomos de la U. de Concepci\u00f3n ganan millonario fondo para desarrollo cient\u00edfico<\/a><\/li><li>diarioconcepcion.cl: <a rel=\"noreferrer noopener\" href=\"https:\/\/www.diarioconcepcion.cl\/ciencia-y-sociedad\/2020\/11\/06\/astronomo-udec-lidera-estudio-que-podria-cambiar-modelo-del-universo.html\" target=\"_blank\">Astr\u00f3nomo UdeC lidera estudio que podr\u00eda cambiar modelo del Universo<\/a><\/li><li>facebook page of Universidad de Concepci\u00f3n: <a rel=\"noreferrer noopener\" href=\"https:\/\/fb.watch\/1R1QKDPsDM\" target=\"_blank\">#Investigaci\u00f3nUdeC: Astr\u00f3nomo #UdeC gana fondo de la Uni\u00f3n Europea<\/a><\/li><li>TVU: <a href=\"https:\/\/youtu.be\/RyYavu0rT7M\" target=\"_blank\" rel=\"noreferrer noopener\">Tele Entrevista &#8211; Astronomo UdeC, Wolfgan Gieren<\/a><\/li><\/ul>\n\n\n\n<p><strong>France:<\/strong><\/p>\n\n\n\n<ul class=\"wp-block-list\"><li>observatoiredeparis.psl.eu: <a href=\"https:\/\/www.observatoiredeparis.psl.eu\/une-bourse-erc-synergy-pour.html\" target=\"_blank\" rel=\"noreferrer noopener\">Une bourse ERC Synergy pour appr\u00e9hender la v\u00e9ritable \u00e9chelle de l\u2019Univers<\/a><\/li><\/ul>\n\n\n\n\n\n<blockquote class=\"wp-block-quote is-style-large is-layout-flow wp-block-quote-is-layout-flow\"><p><strong>ERC grant<\/strong><\/p><\/blockquote>\n\n\n\n<p><strong>Poland:<\/strong><\/p>\n\n\n\n<ul class=\"wp-block-list\"><li>wyborcza.pl: <a rel=\"noreferrer noopener\" href=\"https:\/\/warszawa.wyborcza.pl\/warszawa\/1,150427,20176113,jak-zmierzyc-wszechswiat-polski-astronom-dostal-na-ten-cel.html#TRwknd\" target=\"_blank\">Jak zmierzy\u0107 wszech\u015bwiat? Polski astronom dosta\u0142 na ten cel miliony<\/a><\/li><\/ul>\n\n\n\n<p><strong>Denmark:<\/strong><\/p>\n\n\n\n<ul class=\"wp-block-list\"><li>polennu.dk: <a rel=\"noreferrer noopener\" href=\"https:\/\/polennu.dk\/polakker-skal-goere-os-klogere-paa-verdensrummet\/\" target=\"_blank\">Polakker skal g\u00f8re os klogere p\u00e5 verdensrummet<\/a><\/li><\/ul>\n\n\n\n\n\n<blockquote class=\"wp-block-quote is-style-large is-layout-flow wp-block-quote-is-layout-flow\"><p><strong>An eclipsing-binary distance to the Large Magellanic Cloud accurate to two per cent<\/strong><\/p><cite>(Pietrzy\u0144ski G. et al. 2013, Nature, 495, 76)<\/cite><\/blockquote>\n\n\n\n<p><strong>Poland:<\/strong><\/p>\n\n\n\n<ul class=\"wp-block-list\"><li>Fundation for Polish Science: <a href=\"http:\/\/www.fnp.org.pl\/kosmiczna-linijka-najnowsze-odkrycie-polskich-astronomow-2\/\" target=\"_blank\" rel=\"noopener noreferrer\">Kosmiczna linijka \u2013 najnowsze odkrycie polskich astronom\u00f3w<\/a><\/li><li>Polish Press Agency (PAP): <a href=\"http:\/\/www.naukawpolsce.pap.pl\/aktualnosci\/news,394409,precyzyjny-pomiar-rozmiarow-wszechswiata-min-dzieki-polskim-uczonym.html\" target=\"_blank\" rel=\"noopener noreferrer\">Precyzyjny pomiar rozmiar\u00f3w Wszech\u015bwiata<\/a><\/li><li>Ministry of Science and Higher Education: Precyzyjny pomiar rozmiar\u00f3w Wszech\u015bwiata&nbsp;(link outdated)<\/li><li>Polskie Radio pr. II: <a href=\"http:\/\/www.polskieradio.pl\/8\/405\/Artykul\/808173,Co-jest-na-zewnatrz-wszechswiata\" target=\"_blank\" rel=\"noopener noreferrer\">Co jest na zewn\u0105trz Wszech\u015bwiata<\/a><\/li><li>Polskie Radio pr. I: <a href=\"http:\/\/www.polskieradio.pl\/7\/179\/Artykul\/805455,Sukces-polskich-naukowcow-opracowali-kosmiczna-linijke\" target=\"_blank\" rel=\"noopener noreferrer\">Sukces polskich naukowc\u00f3w<\/a><\/li><li>Wiadomo\u015bci ONET: <a href=\"http:\/\/wiadomosci.onet.pl\/nauka\/polscy-naukowcy-rozwiklali-kosmiczna-zagadke\/jptrm\" target=\"_blank\" rel=\"noopener noreferrer\">Polscy naukowcy rozwik\u0142ali kosmiczn\u0105 zagadk\u0119<\/a><\/li><li>Gazeta Wyborcza: <a href=\"http:\/\/wyborcza.pl\/1,75476,13516483,Polak_stworzyl_superprecyzyjna_linijke_do_mierzenia.html\">Polac<\/a><a href=\"http:\/\/wyborcza.pl\/1,75476,13516483,Polak_stworzyl_superprecyzyjna_linijke_do_mierzenia.html\" target=\"_blank\" rel=\"noopener noreferrer\">y stworzyli superprecyzyjn\u0105 linijk\u0119 do mierzenia Wszech\u015bwiata<\/a><\/li><\/ul>\n\n\n\n<p><strong>Chile:<\/strong><\/p>\n\n\n\n<ul class=\"wp-block-list\"><li>Radio BIO BIO: <a href=\"http:\/\/www.biobiochile.cl\/2013\/03\/07\/astronomos-de-la-u-de-concepcion-lograr-precisar-con-exactitud-edad-de-la-galaxia-mas-cercana.shtml\">Astr\u00f3nomos de la UdeC realizan hallazgo clave para conocer la edad del universo<\/a><\/li><li>Astrofisica y fisica: <a href=\"http:\/\/www.astrofisicayfisica.com\/2013\/03\/la-medida-mas-precisa-del-universo.html\">La medida m\u00e1s precisa del Universo<\/a><\/li><li>Extranoticias: Astr\u00f3nomos UdeC logran el c\u00e1lculo m\u00e1s exacto de la edad del Universo&nbsp;(link outdated)<\/li><li>Chile hoy: Astr\u00f3nomos de UdeC resuelven hist\u00f3rico problema al descubrir sistema de estrellas&nbsp;(link outdated)<\/li><\/ul>\n\n\n\n<p><strong>Spain:<\/strong><\/p>\n\n\n\n<ul class=\"wp-block-list\"><li>Madrid Noticias: La medida m\u00e1s precisa del Universo (link outdated)<\/li><\/ul>\n\n\n\n<p><strong>Germany:<\/strong><\/p>\n\n\n\n<ul class=\"wp-block-list\"><li>Der Spiegel: <a href=\"http:\/\/www.spiegel.de\/wissenschaft\/weltall\/standardkerze-entfernung-zur-magellanschen-wolke-praezise-gemessen-a-887477.html\" target=\"_blank\" rel=\"noopener noreferrer\">Astronomen verbessern All-Messlatte<\/a><\/li><li>Raumfahrer: <a href=\"http:\/\/www.raumfahrer.net\/news\/astronomie\/09032013155613.shtml\" target=\"_blank\" rel=\"noopener noreferrer\">Entfernung der Gro\u00dfen Magellanwolke exakt bestimmt<\/a><\/li><\/ul>\n\n\n\n<p><strong>Hungary:<\/strong><\/p>\n\n\n\n<ul class=\"wp-block-list\"><li>Index: <a rel=\"noopener noreferrer\" href=\"http:\/\/index.hu\/tudomany\/2013\/03\/08\/pontositottak_a_kozmikus_meroskalat\/\" target=\"_blank\">Pontos\u00edtott\u00e1k a kozmikus m\u00e9r\u0151sk\u00e1l\u00e1t<\/a><\/li><\/ul>\n\n\n\n<p><strong>Worldwide (English lang.):<\/strong><\/p>\n\n\n\n<ul class=\"wp-block-list\"><li>Astronomy Magazine: <a href=\"http:\/\/www.astronomy.com\/~\/link.aspx?_id=2edd3a10-53d6-4a80-afe7-fc6a92972707\">Scientists pin down the distance to the Large Magellanic Cloud<\/a><\/li><li>Leibniz Intitute fur Astrophysic Potsdam: <a href=\"http:\/\/www.aip.de\/en\/news\/press\/measuring\">Measuring the Universe More Accurately Than Ever Before<\/a><\/li><li>BBC: <a href=\"http:\/\/www.bbc.co.uk\/news\/science-environment-21692346\">Key galaxy distance re-measured<\/a><\/li><li>Times of India: <a href=\"http:\/\/articles.timesofindia.indiatimes.com\/2013-03-08\/science\/37560781_1_dwarf-galaxy-standard-candles-nearest-galaxy\">Distance to our nearest galaxy calculated<\/a><\/li><li>Space Daily: <a href=\"http:\/\/www.spacedaily.com\/reports\/Measuring_the_universe_more_accurately_than_ever_before_999.html\">Measuring the universe more accurately than ever before<\/a><\/li><\/ul>\n\n\n\n\n\n<blockquote class=\"wp-block-quote is-style-large is-layout-flow wp-block-quote-is-layout-flow\"><p><strong>RR-Lyrae-type pulsations from a 0.26-solar-mass star in a binary system<\/strong><\/p><cite>(Pietrzy\u0144ski G. et al. 2012, Nature, 484, 75)<\/cite><\/blockquote>\n\n\n\n<div class=\"wp-block-group\"><div class=\"wp-block-group__inner-container is-layout-flow wp-block-group-is-layout-flow\">\n<div class=\"wp-block-group is-layout-flow wp-block-group-is-layout-flow\"><div class=\"wp-block-group__inner-container\"><\/div><\/div>\n<\/div><\/div>\n\n\n\n<p><strong>Poland:<\/strong><\/p>\n\n\n\n<ul class=\"wp-block-list\"><li>Ministry of Science and Higher Education: Polscy astronomowie odkryli nowy mechanizm tworzenia si\u0119 gwiazd pulsuj\u0105cych (link outdated)<\/li><li>TVN24: <a href=\"http:\/\/www.tvn24.pl\/wiadomosci-z-kraju,3\/pulsujaca-gwiazda-jakiej-nie-widziano,205949.html\">Pulsuj\u0105ca gwiazda, jakiej nie widziano<\/a><\/li><li>Wprost: <a href=\"http:\/\/www.wprost.pl\/ar\/314834\/Polacy-odkrywcami-mechanizmu-tworzenia-sie-gwiazd\/\">Polacy odkrywcami mechanizmu tworzenia si\u0119 gwiazd<\/a><\/li><li>Newsfix: <a href=\"http:\/\/www.newsfix.pl\/index.php\/2012\/04\/05\/odkrycie-polskich-astronomow-dotyczace-gwiazd-puslujacych\/\">Odkrycie polskich astronom\u00f3w dotycz\u0105ce gwiazd pusluj\u0105cych<\/a><\/li><li>Gosc: <a href=\"http:\/\/gosc.pl\/doc\/1124517.Polacy-docieraja-do-gwiezdnych-sekretow\">Polacy docieraj\u0105 do gwiezdnych sekret\u00f3w<\/a><\/li><li>Faculty of Physics: <a href=\"https:\/\/www.fuw.edu.pl\/press-release\/news1650.html\">University Astronomers Discover a New Mechanism of Pulsating Star Formation<\/a><\/li><\/ul>\n\n\n\n<p><strong>Chile:<\/strong><\/p>\n\n\n\n<ul class=\"wp-block-list\"><li>Diario W5: Astr\u00f3nomos penquistas publicaron sobre estrellas pulsantes en Revista Nature&nbsp;(link outdated)<\/li><li>Emol: <a href=\"http:\/\/www.emol.com\/noticias\/tecnologia\/2012\/04\/06\/534614\/astronomos-de-la-u-de-concepcion-hallan-estrella-con-la-mitad-de-edad-que-debiera-tener.html\">Astr\u00f3nomos de UdeC hallan estrella con caracter\u00edsticas nunca antes vistas<\/a><\/li><\/ul>\n\n\n\n<p><strong>Italy:<\/strong><\/p>\n\n\n\n<ul class=\"wp-block-list\"><li>Il Tirreno: <a href=\"http:\/\/iltirreno.gelocal.it\/pisa\/cronaca\/2012\/04\/05\/news\/scoperta-una-nuova-classe-di-stelle-variabili-pulsanti-1.3777307\">Scoperta una nuova classe di stelle variabili pulsanti<\/a><\/li><li>La Repubblica: <a href=\"http:\/\/firenze.repubblica.it\/cronaca\/2012\/04\/05\/news\/scoperta_una_nuova_classe_di_stelle_pulsanti_variabili-32793196\/\">Scoperta una nuova classe di stelle variabili pulsanti<\/a><\/li><\/ul>\n\n\n\n\n\n<blockquote class=\"wp-block-quote is-style-large is-layout-flow wp-block-quote-is-layout-flow\"><p><strong>The dynamical mass of a classical Cepheid variable star in an eclipsing binary system<\/strong><\/p><cite>(Pietrzy\u0144ski G. et al. 2010, Nature, 468, 542)<\/cite><\/blockquote>\n\n\n\n<p><strong>Polish:<\/strong><\/p>\n\n\n\n<ul class=\"wp-block-list\"><li>Fundation for Polish Science: <a href=\"http:\/\/www.fnp.org.pl\/kolejny-sukces-polskich-astronomow-laureatow-programow-fnp\/\">Kolejny sukces polskich astronom\u00f3w<\/a><\/li><li>Ministry of Science and Higher Education: Publikacja w NATURE z udzia\u0142em Polak\u00f3w&nbsp;(link outdated)<\/li><li>Wiadomo\u015bci 24: Polscy astronomowie pierwsi zwa\u017cyli cefeid\u0119 z bliskiej galaktyki&nbsp;(link outdated)<\/li><li>Tygodnik Powszechny: Waga Gwiazd (link outdated)<\/li><\/ul>\n\n\n\n<p><strong>English:<\/strong><\/p>\n\n\n\n<ul class=\"wp-block-list\"><li>ESO Press Release: <a href=\"http:\/\/www.eso.org\/public\/news\/eso1046\/\">Pulsating Star Mystery Solved<\/a><\/li><li>Universe Today: <a href=\"http:\/\/www.universetoday.com\/79807\/longstanding-cepheid-mass-mystery-finally-solved\/\">Longstanding Cepheid Mass Mystery Finally Solved<\/a><\/li><li>Astronomy Magazine: <a href=\"http:\/\/www.astronomy.com\/~\/link.aspx?_id=dfded4d5-81a5-4ba4-8702-a831df83403e\">Pulsating star mystery solved<\/a><\/li><li>Space: <a href=\"http:\/\/www.space.com\/9592-50-year-mystery-strange-pulsating-stars-solved.html\">50-Year Mystery of Strange Pulsating Stars Solved<\/a><\/li><\/ul>\n\n\n\n<p><strong>Spanish:<\/strong><\/p>\n\n\n\n<ul class=\"wp-block-list\"><li>Asociasion Chilena Periodistas Cientificos: <a href=\"http:\/\/achipec.org\/2010\/11\/25\/astronomos-de-udec-resuelven-problema-historico-al-hallar-sistema-de-estrellas-buscado-hace-medio-siglo\/\">Astr\u00f3nomos de UdeC resuelven problema hist\u00f3rico al hallar sistema de estrellas buscado hace medio siglo<\/a><\/li><li>El Mundo: <a href=\"http:\/\/www.elmundo.es\/elmundo\/2010\/12\/07\/ciencia\/1291719351.html\">Estrellas Cefeidas: conflicto resuelto<\/a><\/li><li>Chile\u2019s official website: <a href=\"http:\/\/www.thisischile.cl\/investigacion-hecha-en-chile-reformula-el-estudio-de-las-galaxias\/\">Investigaci\u00f3n hecha en Chile reformula el estudio de las galaxias<\/a><\/li><\/ul>\n\n\n\n<p><strong>Czech:<\/strong><\/p>\n\n\n\n<ul class=\"wp-block-list\"><li>Czech Astronomical Society: <a href=\"http:\/\/www.astro.cz\/clanek\/4488\/\">Z\u00e1hada pulsuj\u00edc\u00edch hv\u011bzd vy\u0159e\u0161ena<\/a><\/li><\/ul>\n\n\n\n<p><strong>German:<\/strong><\/p>\n\n\n\n<ul class=\"wp-block-list\"><li>Spectrum: <a href=\"http:\/\/www.sterne-und-weltraum.de\/news\/standardkerze-fuer-entfernungen-im-universum-neu-geeicht\/1055489\">Standardkerze f\u00fcr Entfernungen im Universum neu geeicht<\/a><\/li><\/ul>\n\n\n\n<p><strong>French:<\/strong><\/p>\n\n\n\n<ul class=\"wp-block-list\"><li>Planet Techno Science: <a href=\"http:\/\/www.planet-techno-science.com\/ciel-et-espace\/le-mystere-de-l%E2%80%99etoile-pulsante-resolu\/?~~Yetoile-pulsante-resolu\/\">Le Mystere de l\u2019Etoile Pulsante Resolu<\/a><\/li><\/ul>\n\n\n\n\n\n<blockquote class=\"wp-block-quote is-style-large is-layout-flow wp-block-quote-is-layout-flow\"><p><strong>The Araucaria Project: Near-Infrared Photometry of Cepheid Variables in the Sculptor Galaxy NGC 300<\/strong><\/p><cite>(Gieren et al., 2005, ApJ, 628, 695)<\/cite><\/blockquote>\n\n\n\n<p><strong>English:<\/strong><\/p>\n\n\n\n<ul class=\"wp-block-list\"><li>ESO Science Release: <a href=\"https:\/\/www.eso.org\/public\/usa\/news\/eso0524\/?lang\">Moving Closer to the Grand Spiral<\/a><\/li><\/ul>\n\n\n\n<p><strong>Spanish (Chile):<\/strong><\/p>\n\n\n\n<ul class=\"wp-block-list\"><li>ESO Science Release: <a rel=\"noreferrer noopener\" href=\"https:\/\/www.eso.org\/public\/chile\/news\/eso0524\/?lang\" target=\"_blank\">Astr\u00f3nomos en Chile logran in\u00e9dita medici\u00f3n con Observatorio Paranal<\/a><\/li><\/ul>\n","protected":false},"excerpt":{"rendered":"<p>Our research, projects and discoveries attract a lot of attention in Polish and international media. See how much! ERC Synergy Poland: kpk.gov.pl: Pierwszy ERC Synergy Grant w Polsce naukawpolsce.pap.pl: Niemal 14 mln euro od&#46;&#46;&#46;<\/p>\n","protected":false},"author":1,"featured_media":0,"parent":0,"menu_order":0,"comment_status":"closed","ping_status":"closed","template":"","meta":{"footnotes":""},"class_list":["post-43","page","type-page","status-publish","hentry"],"_links":{"self":[{"href":"https:\/\/araucaria.camk.edu.pl\/index.php\/wp-json\/wp\/v2\/pages\/43","targetHints":{"allow":["GET"]}}],"collection":[{"href":"https:\/\/araucaria.camk.edu.pl\/index.php\/wp-json\/wp\/v2\/pages"}],"about":[{"href":"https:\/\/araucaria.camk.edu.pl\/index.php\/wp-json\/wp\/v2\/types\/page"}],"author":[{"embeddable":true,"href":"https:\/\/araucaria.camk.edu.pl\/index.php\/wp-json\/wp\/v2\/users\/1"}],"replies":[{"embeddable":true,"href":"https:\/\/araucaria.camk.edu.pl\/index.php\/wp-json\/wp\/v2\/comments?post=43"}],"version-history":[{"count":12,"href":"https:\/\/araucaria.camk.edu.pl\/index.php\/wp-json\/wp\/v2\/pages\/43\/revisions"}],"predecessor-version":[{"id":1587,"href":"https:\/\/araucaria.camk.edu.pl\/index.php\/wp-json\/wp\/v2\/pages\/43\/revisions\/1587"}],"wp:attachment":[{"href":"https:\/\/araucaria.camk.edu.pl\/index.php\/wp-json\/wp\/v2\/media?parent=43"}],"curies":[{"name":"wp","href":"https:\/\/api.w.org\/{rel}","templated":true}]}}